{"id":66,"date":"2022-12-28T02:14:50","date_gmt":"2022-12-28T02:14:50","guid":{"rendered":"https:\/\/source.wpopal.com\/floaty\/?page_id=66"},"modified":"2025-07-14T22:01:46","modified_gmt":"2025-07-14T22:01:46","slug":"contacto","status":"publish","type":"page","link":"https:\/\/catamaranbahiacadiz.com\/index.php\/contacto\/","title":{"rendered":"Contacto"},"content":{"rendered":"\t\t<div data-elementor-type=\"wp-page\" data-elementor-id=\"66\" class=\"elementor elementor-66\" data-elementor-post-type=\"page\">\n\t\t\t\t\t\t<section class=\"elementor-section elementor-top-section elementor-element elementor-element-cbe992d elementor-section-stretched elementor-section-boxed elementor-section-height-default elementor-section-height-default\" data-id=\"cbe992d\" data-element_type=\"section\" data-settings=\"{&quot;stretch_section&quot;:&quot;section-stretched&quot;,&quot;background_background&quot;:&quot;classic&quot;}\">\n\t\t\t\t\t\t<div class=\"elementor-container elementor-column-gap-no\">\n\t\t\t\t\t<div class=\"elementor-column elementor-col-50 elementor-top-column elementor-element elementor-element-f214dc4\" data-id=\"f214dc4\" data-element_type=\"column\">\n\t\t\t<div class=\"elementor-widget-wrap elementor-element-populated\">\n\t\t\t\t\t\t<div class=\"elementor-element elementor-element-e2ffcc5 elementor-widget elementor-widget-image\" data-id=\"e2ffcc5\" data-element_type=\"widget\" data-widget_type=\"image.default\">\n\t\t\t\t\t\t\t\t\t\t\t\t\t\t\t<img fetchpriority=\"high\" decoding=\"async\" width=\"1600\" height=\"1200\" src=\"https:\/\/catamaranbahiacadiz.com\/wp-content\/uploads\/2025\/07\/bb952684-39b3-4f0e-ae37-ab1c16cbef74.jpg\" class=\"attachment-full size-full wp-image-12153\" alt=\"\" srcset=\"https:\/\/catamaranbahiacadiz.com\/wp-content\/uploads\/2025\/07\/bb952684-39b3-4f0e-ae37-ab1c16cbef74.jpg 1600w, https:\/\/catamaranbahiacadiz.com\/wp-content\/uploads\/2025\/07\/bb952684-39b3-4f0e-ae37-ab1c16cbef74-300x225.jpg 300w, https:\/\/catamaranbahiacadiz.com\/wp-content\/uploads\/2025\/07\/bb952684-39b3-4f0e-ae37-ab1c16cbef74-1024x768.jpg 1024w, https:\/\/catamaranbahiacadiz.com\/wp-content\/uploads\/2025\/07\/bb952684-39b3-4f0e-ae37-ab1c16cbef74-768x576.jpg 768w, https:\/\/catamaranbahiacadiz.com\/wp-content\/uploads\/2025\/07\/bb952684-39b3-4f0e-ae37-ab1c16cbef74-1536x1152.jpg 1536w\" sizes=\"(max-width: 1600px) 100vw, 1600px\" \/>\t\t\t\t\t\t\t\t\t\t\t\t\t\t\t<\/div>\n\t\t\t\t\t<\/div>\n\t\t<\/div>\n\t\t\t\t<div class=\"elementor-column elementor-col-50 elementor-top-column elementor-element elementor-element-ea13558\" data-id=\"ea13558\" data-element_type=\"column\">\n\t\t\t<div class=\"elementor-widget-wrap elementor-element-populated\">\n\t\t\t\t\t\t<section class=\"elementor-section elementor-inner-section elementor-element elementor-element-988a337 elementor-section-boxed elementor-section-height-default elementor-section-height-default\" data-id=\"988a337\" data-element_type=\"section\">\n\t\t\t\t\t\t<div class=\"elementor-container elementor-column-gap-no\">\n\t\t\t\t\t<div class=\"elementor-column elementor-col-100 elementor-inner-column elementor-element elementor-element-92ee520\" data-id=\"92ee520\" data-element_type=\"column\" data-settings=\"{&quot;background_background&quot;:&quot;classic&quot;}\">\n\t\t\t<div class=\"elementor-widget-wrap elementor-element-populated\">\n\t\t\t\t\t\t<div class=\"elementor-element elementor-element-079de92 elementor-widget elementor-widget-heading\" data-id=\"079de92\" data-element_type=\"widget\" data-widget_type=\"heading.default\">\n\t\t\t\t\t<h4 class=\"elementor-heading-title elementor-size-default\">Atenci\u00f3n al cliente<\/h4>\t\t\t\t<\/div>\n\t\t\t\t<div class=\"elementor-element elementor-element-20c0762 elementor-widget elementor-widget-heading\" data-id=\"20c0762\" data-element_type=\"widget\" data-widget_type=\"heading.default\">\n\t\t\t\t\t<h2 class=\"elementor-heading-title elementor-size-default\"><a href=\"tel:902229292\" style=\"margin: 0px;padding: 0px;, sans-serif;font-size: 16.8px;font-weight: 700\">Informaci\u00f3n general: 902 229 292<\/a><br style=\"margin: 0px;padding: 0px;, sans-serif;font-size: 16.8px;font-weight: 700\"><a href=\"tel:915304417\" style=\"margin: 0px;padding: 0px;, sans-serif;font-size: 16.8px;font-weight: 700\">Atenci\u00f3n al Cliente: 915 304 417<\/a><\/h2>\t\t\t\t<\/div>\n\t\t\t\t<div class=\"elementor-element elementor-element-e3435f9 elementor-widget__width-initial elementor-widget-tablet__width-inherit elementor-widget-tablet_extra__width-initial elementor-widget elementor-widget-heading\" data-id=\"e3435f9\" data-element_type=\"widget\" data-widget_type=\"heading.default\">\n\t\t\t\t\t<h2 class=\"elementor-heading-title elementor-size-default\">Atenci\u00f3n 365 d\u00edas a trav\u00e9s de Facebook:<\/h2>\t\t\t\t<\/div>\n\t\t\t\t<div class=\"elementor-element elementor-element-a88877e elementor-widget elementor-widget-text-editor\" data-id=\"a88877e\" data-element_type=\"widget\" data-widget_type=\"text-editor.default\">\n\t\t\t\t\t\t\t\t\t<p><strong><a href=\"http:\/\/m.me\/socibus\">m.me\/socibus<\/a> <a href=\"https:\/\/www.facebook.com\/socibus\/\">https:\/\/www.facebook.com\/socibus\/<\/a><\/strong><\/p>\t\t\t\t\t\t\t\t<\/div>\n\t\t\t\t<div class=\"elementor-element elementor-element-986eac7 elementor-widget elementor-widget-heading\" data-id=\"986eac7\" data-element_type=\"widget\" data-widget_type=\"heading.default\">\n\t\t\t\t\t<h4 class=\"elementor-heading-title elementor-size-default\">Direcci\u00f3n de contacto<\/h4>\t\t\t\t<\/div>\n\t\t\t\t<div class=\"elementor-element elementor-element-a0139ee elementor-widget elementor-widget-heading\" data-id=\"a0139ee\" data-element_type=\"widget\" data-widget_type=\"heading.default\">\n\t\t\t\t\t<h2 class=\"elementor-heading-title elementor-size-default\"><a href=\"mailto:socibus@socibus.es\">socibus@socibus.es<\/a><\/h2>\t\t\t\t<\/div>\n\t\t\t\t<div class=\"elementor-element elementor-element-525f513 elementor-widget elementor-widget-heading\" data-id=\"525f513\" data-element_type=\"widget\" data-widget_type=\"heading.default\">\n\t\t\t\t\t<h2 class=\"elementor-heading-title elementor-size-default\"><a href=\"mailto:informacion@socibus.es\">informacion@socibus.es<\/a><\/h2>\t\t\t\t<\/div>\n\t\t\t\t<div class=\"elementor-element elementor-element-3c44552 elementor-widget-divider--view-line elementor-widget elementor-widget-divider\" data-id=\"3c44552\" data-element_type=\"widget\" data-widget_type=\"divider.default\">\n\t\t\t\t\t\t\t<div class=\"elementor-divider\">\n\t\t\t<span class=\"elementor-divider-separator\">\n\t\t\t\t\t\t<\/span>\n\t\t<\/div>\n\t\t\t\t\t\t<\/div>\n\t\t\t\t<div class=\"elementor-element elementor-element-8e4e149 elementor-widget elementor-widget-heading\" data-id=\"8e4e149\" data-element_type=\"widget\" data-widget_type=\"heading.default\">\n\t\t\t\t\t<h2 class=\"elementor-heading-title elementor-size-default\"><a href=\"tel:955038665\" style=\"margin: 0px;padding: 0px;, sans-serif;font-size: 16.8px;font-weight: 700\">N\u00famero de Atenci\u00f3n al Usuario del Consorcio Metropolitano de Transportes de la Bah\u00eda de C\u00e1diz:  955 038 665 <\/a><\/h2>\t\t\t\t<\/div>\n\t\t\t\t\t<\/div>\n\t\t<\/div>\n\t\t\t\t\t<\/div>\n\t\t<\/section>\n\t\t\t\t\t<\/div>\n\t\t<\/div>\n\t\t\t\t\t<\/div>\n\t\t<\/section>\n\t\t\t\t<\/div>\n\t\t","protected":false},"excerpt":{"rendered":"<p>Atenci\u00f3n al cliente Informaci\u00f3n general: 902 229 292Atenci\u00f3n al Cliente: 915 304 417 Atenci\u00f3n 365 d\u00edas a trav\u00e9s de Facebook: m.me\/socibus https:\/\/www.facebook.com\/socibus\/ Direcci\u00f3n de contacto socibus@socibus.es informacion@socibus.es N\u00famero de Atenci\u00f3n al Usuario del Consorcio Metropolitano de Transportes de la Bah\u00eda de C\u00e1diz: 955 038 665<\/p>\n","protected":false},"author":1,"featured_media":0,"parent":0,"menu_order":0,"comment_status":"closed","ping_status":"closed","template":"elementor_header_footer","meta":{"inline_featured_image":false,"footnotes":""},"class_list":["post-66","page","type-page","status-publish","hentry"],"_links":{"self":[{"href":"https:\/\/catamaranbahiacadiz.com\/index.php\/wp-json\/wp\/v2\/pages\/66","targetHints":{"allow":["GET"]}}],"collection":[{"href":"https:\/\/catamaranbahiacadiz.com\/index.php\/wp-json\/wp\/v2\/pages"}],"about":[{"href":"https:\/\/catamaranbahiacadiz.com\/index.php\/wp-json\/wp\/v2\/types\/page"}],"author":[{"embeddable":true,"href":"https:\/\/catamaranbahiacadiz.com\/index.php\/wp-json\/wp\/v2\/users\/1"}],"replies":[{"embeddable":true,"href":"https:\/\/catamaranbahiacadiz.com\/index.php\/wp-json\/wp\/v2\/comments?post=66"}],"version-history":[{"count":41,"href":"https:\/\/catamaranbahiacadiz.com\/index.php\/wp-json\/wp\/v2\/pages\/66\/revisions"}],"predecessor-version":[{"id":12329,"href":"https:\/\/catamaranbahiacadiz.com\/index.php\/wp-json\/wp\/v2\/pages\/66\/revisions\/12329"}],"wp:attachment":[{"href":"https:\/\/catamaranbahiacadiz.com\/index.php\/wp-json\/wp\/v2\/media?parent=66"}],"curies":[{"name":"wp","href":"https:\/\/api.w.org\/{rel}","templated":true}]}}