{"id":652,"date":"2022-12-29T08:16:35","date_gmt":"2022-12-29T08:16:35","guid":{"rendered":"https:\/\/source.wpopal.com\/floaty\/?page_id=652"},"modified":"2025-07-12T17:43:28","modified_gmt":"2025-07-12T17:43:28","slug":"calidadymedioambiente","status":"publish","type":"page","link":"https:\/\/catamaranbahiacadiz.com\/index.php\/calidadymedioambiente\/","title":{"rendered":"Calidad y medio ambiente"},"content":{"rendered":"\t\t<div data-elementor-type=\"wp-page\" data-elementor-id=\"652\" class=\"elementor elementor-652\" data-elementor-post-type=\"page\">\n\t\t\t\t\t\t<section class=\"elementor-section elementor-top-section elementor-element elementor-element-47089b5 elementor-section-stretched elementor-section-boxed elementor-section-height-default elementor-section-height-default\" data-id=\"47089b5\" data-element_type=\"section\" data-settings=\"{&quot;stretch_section&quot;:&quot;section-stretched&quot;}\">\n\t\t\t\t\t\t<div class=\"elementor-container elementor-column-gap-no\">\n\t\t\t\t\t<div class=\"elementor-column elementor-col-100 elementor-top-column elementor-element elementor-element-bd3ebb4\" data-id=\"bd3ebb4\" data-element_type=\"column\">\n\t\t\t<div class=\"elementor-widget-wrap elementor-element-populated\">\n\t\t\t\t\t\t<div class=\"elementor-element elementor-element-568551c elementor-view-default elementor-widget elementor-widget-icon\" data-id=\"568551c\" data-element_type=\"widget\" data-widget_type=\"icon.default\">\n\t\t\t\t\t\t\t<div class=\"elementor-icon-wrapper\">\n\t\t\t<div class=\"elementor-icon\">\n\t\t\t<i aria-hidden=\"true\" class=\"floaty-icon- floaty-icon-helm\"><\/i>\t\t\t<\/div>\n\t\t<\/div>\n\t\t\t\t\t\t<\/div>\n\t\t\t\t<div class=\"elementor-element elementor-element-17d4088 elementor-align-center subtitle-position-below elementor-widget elementor-widget-floaty-heading\" data-id=\"17d4088\" data-element_type=\"widget\" data-widget_type=\"floaty-heading.default\">\n\t\t\t\t<div class=\"elementor-widget-container\">\n\t\t\t\t\t        <div class=\"elementor-heading-wrapper-inner\"><div class=\"elementor-sub-title\">Calidad y Medio Ambiente <\/div><h2 class=\"elementor-heading-title\">Comprometidos con la sostenibilidad, la calidad y la responsabilidad social<\/h2><\/div>\t\t\t\t<\/div>\n\t\t\t\t<\/div>\n\t\t\t\t\t<\/div>\n\t\t<\/div>\n\t\t\t\t\t<\/div>\n\t\t<\/section>\n\t\t\t\t<section class=\"elementor-section elementor-top-section elementor-element elementor-element-f11ba99 elementor-section-stretched elementor-section-boxed elementor-section-height-default elementor-section-height-default\" data-id=\"f11ba99\" data-element_type=\"section\" data-settings=\"{&quot;stretch_section&quot;:&quot;section-stretched&quot;}\">\n\t\t\t\t\t\t<div class=\"elementor-container elementor-column-gap-no\">\n\t\t\t\t\t<div class=\"elementor-column elementor-col-100 elementor-top-column elementor-element elementor-element-4b221a5\" data-id=\"4b221a5\" data-element_type=\"column\">\n\t\t\t<div class=\"elementor-widget-wrap elementor-element-populated\">\n\t\t\t\t\t\t<div class=\"elementor-element elementor-element-7fb7380 elementor-widget elementor-widget-text-editor\" data-id=\"7fb7380\" data-element_type=\"widget\" data-widget_type=\"text-editor.default\">\n\t\t\t\t\t\t\t\t\t<p><span style=\"font-family: verdana, sans-serif; font-size: large;\">En\u00a0<strong>Socibus S.A.<\/strong>\u00a0y\u00a0<strong>Secorbus S.L.<\/strong>\u00a0trabajamos cada d\u00eda con el firme compromiso de ofrecer un servicio de transporte de calidad, seguro, eficiente y respetuoso con el medio ambiente. Apostamos por un modelo de gesti\u00f3n sostenible que minimice nuestro impacto ambiental, impulse la mejora continua y garantice la satisfacci\u00f3n de nuestros usuarios. Nuestra responsabilidad va m\u00e1s all\u00e1 del servicio: integramos principios de\u00a0<strong>Responsabilidad Social Corporativa<\/strong>\u00a0en todas nuestras acciones, contribuyendo al bienestar de las personas, al desarrollo de las comunidades y a la protecci\u00f3n del entorno.<\/span><\/p><ul><li><a href=\"https:\/\/catamaranbahiacadiz.com\/wp-content\/uploads\/2025\/07\/socibus-politica.pdf\"><span style=\"color: #000000; font-family: verdana, sans-serif; font-size: large;\">Pol\u00edtica Grupo Socibus<\/span><\/a><\/li><li><a href=\"https:\/\/catamaranbahiacadiz.com\/wp-content\/uploads\/2025\/07\/socibus-declaracion-ambiental.pdf\"><span style=\"color: #000000; font-family: verdana, sans-serif; font-size: large;\">Declaraci\u00f3n ambiental<\/span><\/a><\/li><li><a href=\"https:\/\/catamaranbahiacadiz.com\/wp-content\/uploads\/2025\/07\/socibus-carta-servicios.pdf\"><span style=\"color: #000000; font-family: verdana, sans-serif; font-size: large;\">Cartas de servicios<\/span><\/a><\/li><li><a href=\"https:\/\/catamaranbahiacadiz.com\/wp-content\/uploads\/2025\/07\/socibus-politica-anticorrupcion-201512.pdf\"><span style=\"color: #000000; font-family: verdana, sans-serif; font-size: large;\">Pol\u00edtica anticorrupci\u00f3n<\/span><\/a><\/li><li><a href=\"https:\/\/catamaranbahiacadiz.com\/wp-content\/uploads\/2025\/07\/socibus-politica-derechos-humanos-201512.pdf\"><span style=\"color: #000000; font-family: verdana, sans-serif; font-size: large;\">Pol\u00edtica Derechos Humanos<\/span><\/a><\/li><li><a href=\"https:\/\/socibusventas.es\/es\/politica-privacidad.php\"><span style=\"color: #000000; font-family: verdana, sans-serif; font-size: large;\">Pol\u00edtica de Protecci\u00f3n de Datos y Privacidad.<\/span><\/a><\/li><li><a href=\"https:\/\/catamaranbahiacadiz.com\/wp-content\/uploads\/2025\/07\/informe_rsc_2024.pdf\"><span style=\"font-family: verdana, sans-serif; font-size: large;\"><span style=\"color: #000000;\">Informe de Responsabilidad Social Corporativa<\/span><\/span><\/a><\/li><\/ul>\t\t\t\t\t\t\t\t<\/div>\n\t\t<div class=\"elementor-element elementor-element-0b55b68 e-grid e-con-boxed e-con e-parent\" data-id=\"0b55b68\" data-element_type=\"container\">\n\t\t\t\t\t<div class=\"e-con-inner\">\n\t\t\t\t<div class=\"elementor-element elementor-element-06fcbb3 elementor-widget elementor-widget-image\" data-id=\"06fcbb3\" data-element_type=\"widget\" data-widget_type=\"image.default\">\n\t\t\t\t\t\t\t\t\t\t\t\t\t\t\t<img decoding=\"async\" width=\"175\" height=\"250\" src=\"https:\/\/catamaranbahiacadiz.com\/wp-content\/uploads\/2025\/07\/socibus-OHSAS18001.jpg\" class=\"attachment-full size-full wp-image-12122\" alt=\"\" \/>\t\t\t\t\t\t\t\t\t\t\t\t\t\t\t<\/div>\n\t\t\t\t<div class=\"elementor-element elementor-element-8bcc822 elementor-widget elementor-widget-image\" data-id=\"8bcc822\" data-element_type=\"widget\" data-widget_type=\"image.default\">\n\t\t\t\t\t\t\t\t\t\t\t\t\t\t\t<img decoding=\"async\" width=\"175\" height=\"250\" src=\"https:\/\/catamaranbahiacadiz.com\/wp-content\/uploads\/2025\/07\/socibus-ISO50001.jpg\" class=\"attachment-full size-full wp-image-12121\" alt=\"\" \/>\t\t\t\t\t\t\t\t\t\t\t\t\t\t\t<\/div>\n\t\t\t\t<div class=\"elementor-element elementor-element-fa2891c elementor-widget elementor-widget-image\" data-id=\"fa2891c\" data-element_type=\"widget\" data-widget_type=\"image.default\">\n\t\t\t\t\t\t\t\t\t\t\t\t\t\t\t<img decoding=\"async\" width=\"175\" height=\"250\" src=\"https:\/\/catamaranbahiacadiz.com\/wp-content\/uploads\/2025\/07\/socibus-ISO45001.jpg\" class=\"attachment-full size-full wp-image-12120\" alt=\"\" \/>\t\t\t\t\t\t\t\t\t\t\t\t\t\t\t<\/div>\n\t\t\t\t<div class=\"elementor-element elementor-element-3265470 elementor-widget elementor-widget-image\" data-id=\"3265470\" data-element_type=\"widget\" data-widget_type=\"image.default\">\n\t\t\t\t\t\t\t\t\t\t\t\t\t\t\t<img loading=\"lazy\" decoding=\"async\" width=\"175\" height=\"250\" src=\"https:\/\/catamaranbahiacadiz.com\/wp-content\/uploads\/2025\/07\/socibus-ISO14001.jpg\" class=\"attachment-full size-full wp-image-12119\" alt=\"\" \/>\t\t\t\t\t\t\t\t\t\t\t\t\t\t\t<\/div>\n\t\t\t\t<div class=\"elementor-element elementor-element-2d8ca37 elementor-widget elementor-widget-image\" data-id=\"2d8ca37\" data-element_type=\"widget\" data-widget_type=\"image.default\">\n\t\t\t\t\t\t\t\t\t\t\t\t\t\t\t<img loading=\"lazy\" decoding=\"async\" width=\"175\" height=\"250\" src=\"https:\/\/catamaranbahiacadiz.com\/wp-content\/uploads\/2025\/07\/socibus-ISO9001.jpg\" class=\"attachment-full size-full wp-image-12118\" alt=\"\" \/>\t\t\t\t\t\t\t\t\t\t\t\t\t\t\t<\/div>\n\t\t\t\t<div class=\"elementor-element elementor-element-d392762 elementor-widget elementor-widget-image\" data-id=\"d392762\" data-element_type=\"widget\" data-widget_type=\"image.default\">\n\t\t\t\t\t\t\t\t\t\t\t\t\t\t\t<img loading=\"lazy\" decoding=\"async\" width=\"175\" height=\"250\" src=\"https:\/\/catamaranbahiacadiz.com\/wp-content\/uploads\/2025\/07\/socibus-HC.jpg\" class=\"attachment-full size-full wp-image-12117\" alt=\"\" \/>\t\t\t\t\t\t\t\t\t\t\t\t\t\t\t<\/div>\n\t\t\t\t<div class=\"elementor-element elementor-element-205a9c9 elementor-widget elementor-widget-image\" data-id=\"205a9c9\" data-element_type=\"widget\" data-widget_type=\"image.default\">\n\t\t\t\t\t\t\t\t\t\t\t\t\t\t\t<img loading=\"lazy\" decoding=\"async\" width=\"175\" height=\"250\" src=\"https:\/\/catamaranbahiacadiz.com\/wp-content\/uploads\/2025\/07\/socibus-EN13816.jpg\" class=\"attachment-full size-full wp-image-12116\" alt=\"\" \/>\t\t\t\t\t\t\t\t\t\t\t\t\t\t\t<\/div>\n\t\t\t\t<div class=\"elementor-element elementor-element-0fc5efe elementor-widget elementor-widget-image\" data-id=\"0fc5efe\" data-element_type=\"widget\" data-widget_type=\"image.default\">\n\t\t\t\t\t\t\t\t\t\t\t\t\t\t\t<img loading=\"lazy\" decoding=\"async\" width=\"175\" height=\"250\" src=\"https:\/\/catamaranbahiacadiz.com\/wp-content\/uploads\/2025\/07\/socibus-UNE93200.jpg\" class=\"attachment-full size-full wp-image-12111\" alt=\"\" \/>\t\t\t\t\t\t\t\t\t\t\t\t\t\t\t<\/div>\n\t\t\t\t<div class=\"elementor-element elementor-element-3fe1f64 elementor-widget elementor-widget-image\" data-id=\"3fe1f64\" data-element_type=\"widget\" data-widget_type=\"image.default\">\n\t\t\t\t\t\t\t\t\t\t\t\t\t\t\t<img loading=\"lazy\" decoding=\"async\" width=\"473\" height=\"250\" src=\"https:\/\/catamaranbahiacadiz.com\/wp-content\/uploads\/2025\/07\/socibus-SGE21.jpg\" class=\"attachment-full size-full wp-image-12110\" alt=\"\" srcset=\"https:\/\/catamaranbahiacadiz.com\/wp-content\/uploads\/2025\/07\/socibus-SGE21.jpg 473w, https:\/\/catamaranbahiacadiz.com\/wp-content\/uploads\/2025\/07\/socibus-SGE21-300x159.jpg 300w\" sizes=\"(max-width: 473px) 100vw, 473px\" \/>\t\t\t\t\t\t\t\t\t\t\t\t\t\t\t<\/div>\n\t\t\t\t<div class=\"elementor-element elementor-element-b2ea9a0 elementor-widget elementor-widget-image\" data-id=\"b2ea9a0\" data-element_type=\"widget\" data-widget_type=\"image.default\">\n\t\t\t\t\t\t\t\t\t\t\t\t\t\t\t<img loading=\"lazy\" decoding=\"async\" width=\"233\" height=\"250\" src=\"https:\/\/catamaranbahiacadiz.com\/wp-content\/uploads\/2025\/07\/socibus-SEAA-INSIA.jpg\" class=\"attachment-full size-full wp-image-12109\" alt=\"\" \/>\t\t\t\t\t\t\t\t\t\t\t\t\t\t\t<\/div>\n\t\t\t\t\t<\/div>\n\t\t\t\t<\/div>\n\t\t\t\t\t<\/div>\n\t\t<\/div>\n\t\t\t\t\t<\/div>\n\t\t<\/section>\n\t\t\t\t<\/div>\n\t\t","protected":false},"excerpt":{"rendered":"<p>Calidad y Medio Ambiente Comprometidos con la sostenibilidad, la calidad y la responsabilidad social En\u00a0Socibus S.A.\u00a0y\u00a0Secorbus S.L.\u00a0trabajamos cada d\u00eda con el firme compromiso de ofrecer un servicio de transporte de calidad, seguro, eficiente y respetuoso con el medio ambiente. Apostamos por un modelo de gesti\u00f3n sostenible que minimice nuestro impacto ambiental, impulse la mejora continua [&hellip;]<\/p>\n","protected":false},"author":1,"featured_media":0,"parent":0,"menu_order":0,"comment_status":"closed","ping_status":"closed","template":"","meta":{"inline_featured_image":false,"footnotes":""},"class_list":["post-652","page","type-page","status-publish","hentry"],"_links":{"self":[{"href":"https:\/\/catamaranbahiacadiz.com\/index.php\/wp-json\/wp\/v2\/pages\/652","targetHints":{"allow":["GET"]}}],"collection":[{"href":"https:\/\/catamaranbahiacadiz.com\/index.php\/wp-json\/wp\/v2\/pages"}],"about":[{"href":"https:\/\/catamaranbahiacadiz.com\/index.php\/wp-json\/wp\/v2\/types\/page"}],"author":[{"embeddable":true,"href":"https:\/\/catamaranbahiacadiz.com\/index.php\/wp-json\/wp\/v2\/users\/1"}],"replies":[{"embeddable":true,"href":"https:\/\/catamaranbahiacadiz.com\/index.php\/wp-json\/wp\/v2\/comments?post=652"}],"version-history":[{"count":20,"href":"https:\/\/catamaranbahiacadiz.com\/index.php\/wp-json\/wp\/v2\/pages\/652\/revisions"}],"predecessor-version":[{"id":12145,"href":"https:\/\/catamaranbahiacadiz.com\/index.php\/wp-json\/wp\/v2\/pages\/652\/revisions\/12145"}],"wp:attachment":[{"href":"https:\/\/catamaranbahiacadiz.com\/index.php\/wp-json\/wp\/v2\/media?parent=652"}],"curies":[{"name":"wp","href":"https:\/\/api.w.org\/{rel}","templated":true}]}}