{"id":62,"date":"2022-12-28T02:14:26","date_gmt":"2022-12-28T02:14:26","guid":{"rendered":"https:\/\/source.wpopal.com\/floaty\/?page_id=62"},"modified":"2025-07-14T16:42:03","modified_gmt":"2025-07-14T16:42:03","slug":"quienes-somos","status":"publish","type":"page","link":"https:\/\/catamaranbahiacadiz.com\/index.php\/quienes-somos\/","title":{"rendered":"\u00bfquienes somos?"},"content":{"rendered":"\t\t<div data-elementor-type=\"wp-page\" data-elementor-id=\"62\" class=\"elementor elementor-62\" data-elementor-post-type=\"page\">\n\t\t\t\t\t\t<section class=\"elementor-section elementor-top-section elementor-element elementor-element-2eb08a4 elementor-section-stretched elementor-section-full_width elementor-reverse-mobile elementor-section-height-default elementor-section-height-default\" data-id=\"2eb08a4\" data-element_type=\"section\" data-settings=\"{&quot;stretch_section&quot;:&quot;section-stretched&quot;}\">\n\t\t\t\t\t\t<div class=\"elementor-container elementor-column-gap-no\">\n\t\t\t\t\t<div class=\"elementor-column elementor-col-50 elementor-top-column elementor-element elementor-element-cea2ed4\" data-id=\"cea2ed4\" data-element_type=\"column\" data-settings=\"{&quot;background_background&quot;:&quot;classic&quot;}\">\n\t\t\t<div class=\"elementor-widget-wrap elementor-element-populated\">\n\t\t\t\t\t\t<div class=\"elementor-element elementor-element-02c13c7 elementor-widget elementor-widget-spacer\" data-id=\"02c13c7\" data-element_type=\"widget\" data-widget_type=\"spacer.default\">\n\t\t\t\t\t\t\t<div class=\"elementor-spacer\">\n\t\t\t<div class=\"elementor-spacer-inner\"><\/div>\n\t\t<\/div>\n\t\t\t\t\t\t<\/div>\n\t\t\t\t\t<\/div>\n\t\t<\/div>\n\t\t\t\t<div class=\"elementor-column elementor-col-50 elementor-top-column elementor-element elementor-element-6ab8d71\" data-id=\"6ab8d71\" data-element_type=\"column\" data-settings=\"{&quot;background_background&quot;:&quot;classic&quot;}\">\n\t\t\t<div class=\"elementor-widget-wrap elementor-element-populated\">\n\t\t\t\t\t\t<div class=\"elementor-element elementor-element-b535d36 elementor-view-default elementor-widget elementor-widget-icon\" data-id=\"b535d36\" data-element_type=\"widget\" data-widget_type=\"icon.default\">\n\t\t\t\t\t\t\t<div class=\"elementor-icon-wrapper\">\n\t\t\t<div class=\"elementor-icon\">\n\t\t\t<i aria-hidden=\"true\" class=\"floaty-icon- floaty-icon-helm\"><\/i>\t\t\t<\/div>\n\t\t<\/div>\n\t\t\t\t\t\t<\/div>\n\t\t\t\t<div class=\"elementor-element elementor-element-be21de4 elementor-absolute elementor-hidden-laptop elementor-hidden-tablet_extra elementor-hidden-tablet elementor-hidden-mobile_extra elementor-hidden-mobile elementor-widget elementor-widget-image\" data-id=\"be21de4\" data-element_type=\"widget\" data-settings=\"{&quot;_position&quot;:&quot;absolute&quot;}\" data-widget_type=\"image.default\">\n\t\t\t\t\t\t\t\t\t\t\t\t\t\t\t<img decoding=\"async\" src=\"https:\/\/source.wpopal.com\/floaty\/wp-content\/uploads\/2023\/02\/About_img-1.png\" title=\"\" alt=\"\" loading=\"lazy\" \/>\t\t\t\t\t\t\t\t\t\t\t\t\t\t\t<\/div>\n\t\t\t\t<div class=\"elementor-element elementor-element-883fdbb elementor-mobile-align-center subtitle-position-below elementor-widget elementor-widget-floaty-heading\" data-id=\"883fdbb\" data-element_type=\"widget\" data-widget_type=\"floaty-heading.default\">\n\t\t\t\t<div class=\"elementor-widget-container\">\n\t\t\t\t\t        <div class=\"elementor-heading-wrapper-inner\"><div class=\"elementor-sub-title\">\u00bfQui\u00e9nes Somos? <\/div><\/div>\t\t\t\t<\/div>\n\t\t\t\t<\/div>\n\t\t\t\t<div class=\"elementor-element elementor-element-8f70a08 elementor-widget__width-initial elementor-widget-laptop__width-inherit elementor-widget elementor-widget-text-editor\" data-id=\"8f70a08\" data-element_type=\"widget\" data-widget_type=\"text-editor.default\">\n\t\t\t\t\t\t\t\t\t<p><span style=\"font-family: verdana, sans-serif; font-size: large;\">Socibus es una compa\u00f1\u00eda espa\u00f1ola de transporte de viajeros por carretera con m\u00e1s de 30 a\u00f1os de experiencia. Fundada en 1986, naci\u00f3 con el objetivo de ofrecer un servicio c\u00f3modo, seguro y accesible entre el sur de Espa\u00f1a y la capital. A lo largo de los a\u00f1os, ha consolidado su presencia en el mercado nacional, convirti\u00e9ndose en una de las empresas de referencia en el transporte interurbano de largo recorrido. Actualmente, Socibus garantiza conexiones regulares y de largo recorrido entre Madrid, Andaluc\u00eda y el Pa\u00eds Vasco. Adem\u00e1s, Socibus gestiona la Estaci\u00f3n de Autobuses de And\u00fajar y el Transporte Urbano de la ciudad de La L\u00ednea. Desde el 15 de julio de 2025 es nuevamente el responsable de la gesti\u00f3n del servicio mar\u00edtimo de catamar\u00e1n de la Bah\u00eda de C\u00e1diz.\u00a0<\/span><\/p><ul><li><span style=\"font-family: verdana, sans-serif; font-size: large;\"><strong>VAC\u2011214: Madrid \u2013 Sevilla \u2013 Huelva \u2013 Ayamonte<\/strong><br \/><\/span><\/li><li><p><span style=\"font-family: verdana, sans-serif; font-size: large;\"><strong>VAC\u2011215: Madrid \u2013 C\u00e1diz \u2013 San\u202fFernando<\/strong><br \/><\/span><\/p><\/li><li><strong><span style=\"font-family: verdana, sans-serif; font-size: large;\">VAC\u2011234: Ir\u00fan \u2013 Algeciras<\/span><\/strong><\/li><\/ul><p><span style=\"font-size: large;\"><strong><span style=\"font-family: verdana, sans-serif;\">CON\u00d3CENOS EN\u00a0<\/span><\/strong><a href=\"https:\/\/socibusventas.es\/\" target=\"_blank\" rel=\"noopener\" data-saferedirecturl=\"https:\/\/www.google.com\/url?q=https:\/\/socibusventas.es\/&amp;source=gmail&amp;ust=1752407666221000&amp;usg=AOvVaw1M60TTlLF2Fh4y3DphOE4F\">https:\/\/socibusventas.es\/<\/a><\/span><\/p>\t\t\t\t\t\t\t\t<\/div>\n\t\t\t\t\t<\/div>\n\t\t<\/div>\n\t\t\t\t\t<\/div>\n\t\t<\/section>\n\t\t\t\t<\/div>\n\t\t","protected":false},"excerpt":{"rendered":"<p>\u00bfQui\u00e9nes Somos? Socibus es una compa\u00f1\u00eda espa\u00f1ola de transporte de viajeros por carretera con m\u00e1s de 30 a\u00f1os de experiencia. Fundada en 1986, naci\u00f3 con el objetivo de ofrecer un servicio c\u00f3modo, seguro y accesible entre el sur de Espa\u00f1a y la capital. A lo largo de los a\u00f1os, ha consolidado su presencia en el [&hellip;]<\/p>\n","protected":false},"author":1,"featured_media":0,"parent":0,"menu_order":0,"comment_status":"closed","ping_status":"closed","template":"elementor_header_footer","meta":{"inline_featured_image":false,"footnotes":""},"class_list":["post-62","page","type-page","status-publish","hentry"],"_links":{"self":[{"href":"https:\/\/catamaranbahiacadiz.com\/index.php\/wp-json\/wp\/v2\/pages\/62","targetHints":{"allow":["GET"]}}],"collection":[{"href":"https:\/\/catamaranbahiacadiz.com\/index.php\/wp-json\/wp\/v2\/pages"}],"about":[{"href":"https:\/\/catamaranbahiacadiz.com\/index.php\/wp-json\/wp\/v2\/types\/page"}],"author":[{"embeddable":true,"href":"https:\/\/catamaranbahiacadiz.com\/index.php\/wp-json\/wp\/v2\/users\/1"}],"replies":[{"embeddable":true,"href":"https:\/\/catamaranbahiacadiz.com\/index.php\/wp-json\/wp\/v2\/comments?post=62"}],"version-history":[{"count":17,"href":"https:\/\/catamaranbahiacadiz.com\/index.php\/wp-json\/wp\/v2\/pages\/62\/revisions"}],"predecessor-version":[{"id":12281,"href":"https:\/\/catamaranbahiacadiz.com\/index.php\/wp-json\/wp\/v2\/pages\/62\/revisions\/12281"}],"wp:attachment":[{"href":"https:\/\/catamaranbahiacadiz.com\/index.php\/wp-json\/wp\/v2\/media?parent=62"}],"curies":[{"name":"wp","href":"https:\/\/api.w.org\/{rel}","templated":true}]}}